{"id":897,"date":"2024-06-03T21:09:42","date_gmt":"2024-06-03T21:09:42","guid":{"rendered":"https:\/\/baladoy.com\/?page_id=897"},"modified":"2024-08-09T07:40:27","modified_gmt":"2024-08-09T07:40:27","slug":"magaza","status":"publish","type":"page","link":"https:\/\/baladoy.com\/","title":{"rendered":"BAL a DOY  BAL \u00c7E\u015e\u0130TLER\u0130"},"content":{"rendered":"\t\t<div data-elementor-type=\"wp-page\" data-elementor-id=\"897\" class=\"elementor elementor-897\">\n\t\t\t\t<div class=\"elementor-element elementor-element-a8dc019 e-flex e-con-boxed e-con e-parent\" data-id=\"a8dc019\" data-element_type=\"container\" data-e-type=\"container\" data-settings=\"{&quot;background_background&quot;:&quot;classic&quot;}\">\n\t\t\t\t\t<div class=\"e-con-inner\">\n\t\t<div class=\"elementor-element elementor-element-5ad0de0 e-con-full e-flex e-con e-child\" data-id=\"5ad0de0\" data-element_type=\"container\" data-e-type=\"container\" data-settings=\"{&quot;background_background&quot;:&quot;slideshow&quot;,&quot;background_slideshow_gallery&quot;:[{&quot;id&quot;:1260,&quot;url&quot;:&quot;https:\\\/\\\/baladoy.com\\\/wp-content\\\/uploads\\\/2024\\\/07\\\/20231214_171637-scaled.jpg&quot;},{&quot;id&quot;:1222,&quot;url&quot;:&quot;https:\\\/\\\/baladoy.com\\\/wp-content\\\/uploads\\\/2024\\\/07\\\/20230908_084205-scaled.jpg&quot;},{&quot;id&quot;:1341,&quot;url&quot;:&quot;https:\\\/\\\/baladoy.com\\\/wp-content\\\/uploads\\\/2024\\\/07\\\/20240411_154627-1-scaled.jpg&quot;}],&quot;background_slideshow_slide_duration&quot;:500,&quot;background_slideshow_transition_duration&quot;:5000,&quot;shape_divider_top&quot;:&quot;mountains&quot;,&quot;shape_divider_bottom&quot;:&quot;mountains&quot;,&quot;background_slideshow_loop&quot;:&quot;yes&quot;,&quot;background_slideshow_slide_transition&quot;:&quot;fade&quot;}\">\n\t\t\t\t<div class=\"elementor-shape elementor-shape-top\" aria-hidden=\"true\" data-negative=\"false\">\n\t\t\t<svg xmlns=\"http:\/\/www.w3.org\/2000\/svg\" viewBox=\"0 0 1000 100\" preserveAspectRatio=\"none\">\n\t<path class=\"elementor-shape-fill\" opacity=\"0.33\" d=\"M473,67.3c-203.9,88.3-263.1-34-320.3,0C66,119.1,0,59.7,0,59.7V0h1000v59.7 c0,0-62.1,26.1-94.9,29.3c-32.8,3.3-62.8-12.3-75.8-22.1C806,49.6,745.3,8.7,694.9,4.7S492.4,59,473,67.3z\"\/>\n\t<path class=\"elementor-shape-fill\" opacity=\"0.66\" d=\"M734,67.3c-45.5,0-77.2-23.2-129.1-39.1c-28.6-8.7-150.3-10.1-254,39.1 s-91.7-34.4-149.2,0C115.7,118.3,0,39.8,0,39.8V0h1000v36.5c0,0-28.2-18.5-92.1-18.5C810.2,18.1,775.7,67.3,734,67.3z\"\/>\n\t<path class=\"elementor-shape-fill\" d=\"M766.1,28.9c-200-57.5-266,65.5-395.1,19.5C242,1.8,242,5.4,184.8,20.6C128,35.8,132.3,44.9,89.9,52.5C28.6,63.7,0,0,0,0 h1000c0,0-9.9,40.9-83.6,48.1S829.6,47,766.1,28.9z\"\/>\n<\/svg>\t\t<\/div>\n\t\t\t\t<div class=\"elementor-shape elementor-shape-bottom\" aria-hidden=\"true\" data-negative=\"false\">\n\t\t\t<svg xmlns=\"http:\/\/www.w3.org\/2000\/svg\" viewBox=\"0 0 1000 100\" preserveAspectRatio=\"none\">\n\t<path class=\"elementor-shape-fill\" opacity=\"0.33\" d=\"M473,67.3c-203.9,88.3-263.1-34-320.3,0C66,119.1,0,59.7,0,59.7V0h1000v59.7 c0,0-62.1,26.1-94.9,29.3c-32.8,3.3-62.8-12.3-75.8-22.1C806,49.6,745.3,8.7,694.9,4.7S492.4,59,473,67.3z\"\/>\n\t<path class=\"elementor-shape-fill\" opacity=\"0.66\" d=\"M734,67.3c-45.5,0-77.2-23.2-129.1-39.1c-28.6-8.7-150.3-10.1-254,39.1 s-91.7-34.4-149.2,0C115.7,118.3,0,39.8,0,39.8V0h1000v36.5c0,0-28.2-18.5-92.1-18.5C810.2,18.1,775.7,67.3,734,67.3z\"\/>\n\t<path class=\"elementor-shape-fill\" d=\"M766.1,28.9c-200-57.5-266,65.5-395.1,19.5C242,1.8,242,5.4,184.8,20.6C128,35.8,132.3,44.9,89.9,52.5C28.6,63.7,0,0,0,0 h1000c0,0-9.9,40.9-83.6,48.1S829.6,47,766.1,28.9z\"\/>\n<\/svg>\t\t<\/div>\n\t\t\t\t<\/div>\n\t\t\t\t\t<\/div>\n\t\t\t\t<\/div>\n\t\t<div class=\"elementor-element elementor-element-b6f15e5 e-flex e-con-boxed e-con e-parent\" data-id=\"b6f15e5\" data-element_type=\"container\" data-e-type=\"container\" data-settings=\"{&quot;background_background&quot;:&quot;classic&quot;}\">\n\t\t\t\t\t<div class=\"e-con-inner\">\n\t\t<div class=\"elementor-element elementor-element-fffc1ae e-con-full e-flex e-con e-child\" data-id=\"fffc1ae\" data-element_type=\"container\" data-e-type=\"container\" data-settings=\"{&quot;background_background&quot;:&quot;classic&quot;}\">\n\t\t\t\t<div class=\"elementor-element elementor-element-d291c6f elementor-widget elementor-widget-image\" data-id=\"d291c6f\" data-element_type=\"widget\" data-e-type=\"widget\" data-widget_type=\"image.default\">\n\t\t\t\t<div class=\"elementor-widget-container\">\n\t\t\t\t\t\t\t\t\t\t\t\t\t\t\t<img fetchpriority=\"high\" decoding=\"async\" width=\"1024\" height=\"548\" src=\"https:\/\/baladoy.com\/wp-content\/uploads\/2024\/07\/20231214_171637-1024x548.jpg\" class=\"attachment-large size-large wp-image-1260\" alt=\"\" srcset=\"https:\/\/baladoy.com\/wp-content\/uploads\/2024\/07\/20231214_171637-1024x548.jpg 1024w, https:\/\/baladoy.com\/wp-content\/uploads\/2024\/07\/20231214_171637-300x160.jpg 300w, https:\/\/baladoy.com\/wp-content\/uploads\/2024\/07\/20231214_171637-768x411.jpg 768w, https:\/\/baladoy.com\/wp-content\/uploads\/2024\/07\/20231214_171637-1536x821.jpg 1536w, https:\/\/baladoy.com\/wp-content\/uploads\/2024\/07\/20231214_171637-2048x1095.jpg 2048w, https:\/\/baladoy.com\/wp-content\/uploads\/2024\/07\/20231214_171637-24x13.jpg 24w, https:\/\/baladoy.com\/wp-content\/uploads\/2024\/07\/20231214_171637-36x19.jpg 36w, https:\/\/baladoy.com\/wp-content\/uploads\/2024\/07\/20231214_171637-48x26.jpg 48w, https:\/\/baladoy.com\/wp-content\/uploads\/2024\/07\/20231214_171637-600x321.jpg 600w\" sizes=\"(max-width: 1024px) 100vw, 1024px\" \/>\t\t\t\t\t\t\t\t\t\t\t\t\t\t\t<\/div>\n\t\t\t\t<\/div>\n\t\t\t\t<div class=\"elementor-element elementor-element-bf59417 elementor-widget elementor-widget-heading\" data-id=\"bf59417\" data-element_type=\"widget\" data-e-type=\"widget\" data-widget_type=\"heading.default\">\n\t\t\t\t<div class=\"elementor-widget-container\">\n\t\t\t\t\t<h2 class=\"elementor-heading-title elementor-size-default\">Orjinal Karakovan \u00c7i\u00e7ek Bal sat\u0131yoruz..<\/h2>\t\t\t\t<\/div>\n\t\t\t\t<\/div>\n\t\t\t\t<\/div>\n\t\t<div class=\"elementor-element elementor-element-00c7e09 e-con-full e-flex e-con e-child\" data-id=\"00c7e09\" data-element_type=\"container\" data-e-type=\"container\">\n\t\t\t\t<div class=\"elementor-element elementor-element-90ed96c elementor-widget elementor-widget-image\" data-id=\"90ed96c\" data-element_type=\"widget\" data-e-type=\"widget\" data-widget_type=\"image.default\">\n\t\t\t\t<div class=\"elementor-widget-container\">\n\t\t\t\t\t\t\t\t\t\t\t\t\t\t\t<img decoding=\"async\" width=\"1024\" height=\"498\" src=\"https:\/\/baladoy.com\/wp-content\/uploads\/2024\/07\/20200703_160256-1024x498.jpg\" class=\"attachment-large size-large wp-image-1135\" alt=\"\" srcset=\"https:\/\/baladoy.com\/wp-content\/uploads\/2024\/07\/20200703_160256-1024x498.jpg 1024w, https:\/\/baladoy.com\/wp-content\/uploads\/2024\/07\/20200703_160256-300x146.jpg 300w, https:\/\/baladoy.com\/wp-content\/uploads\/2024\/07\/20200703_160256-768x373.jpg 768w, https:\/\/baladoy.com\/wp-content\/uploads\/2024\/07\/20200703_160256-1536x747.jpg 1536w, https:\/\/baladoy.com\/wp-content\/uploads\/2024\/07\/20200703_160256-2048x996.jpg 2048w, https:\/\/baladoy.com\/wp-content\/uploads\/2024\/07\/20200703_160256-24x12.jpg 24w, https:\/\/baladoy.com\/wp-content\/uploads\/2024\/07\/20200703_160256-36x18.jpg 36w, https:\/\/baladoy.com\/wp-content\/uploads\/2024\/07\/20200703_160256-48x23.jpg 48w, https:\/\/baladoy.com\/wp-content\/uploads\/2024\/07\/20200703_160256-600x292.jpg 600w\" sizes=\"(max-width: 1024px) 100vw, 1024px\" \/>\t\t\t\t\t\t\t\t\t\t\t\t\t\t\t<\/div>\n\t\t\t\t<\/div>\n\t\t\t\t<div class=\"elementor-element elementor-element-bca779c elementor-widget elementor-widget-heading\" data-id=\"bca779c\" data-element_type=\"widget\" data-e-type=\"widget\" data-widget_type=\"heading.default\">\n\t\t\t\t<div class=\"elementor-widget-container\">\n\t\t\t\t\t<h2 class=\"elementor-heading-title elementor-size-default\">\u0130\u00e7inde Ar\u0131n\u0131n kendi yapt\u0131\u011f\u0131 mum vard\u0131r. Fabrikasyon mum yoktur.<\/h2>\t\t\t\t<\/div>\n\t\t\t\t<\/div>\n\t\t\t\t<\/div>\n\t\t<div class=\"elementor-element elementor-element-79e4e70 e-con-full e-flex e-con e-child\" data-id=\"79e4e70\" data-element_type=\"container\" data-e-type=\"container\">\n\t\t\t\t<div class=\"elementor-element elementor-element-db339ea elementor-widget elementor-widget-image\" data-id=\"db339ea\" data-element_type=\"widget\" data-e-type=\"widget\" data-widget_type=\"image.default\">\n\t\t\t\t<div class=\"elementor-widget-container\">\n\t\t\t\t\t\t\t\t\t\t\t\t\t\t\t<img decoding=\"async\" width=\"1024\" height=\"768\" src=\"https:\/\/baladoy.com\/wp-content\/uploads\/2024\/07\/20230719_204008-1024x768.jpg\" class=\"attachment-large size-large wp-image-1211\" alt=\"\" srcset=\"https:\/\/baladoy.com\/wp-content\/uploads\/2024\/07\/20230719_204008-1024x768.jpg 1024w, https:\/\/baladoy.com\/wp-content\/uploads\/2024\/07\/20230719_204008-300x225.jpg 300w, https:\/\/baladoy.com\/wp-content\/uploads\/2024\/07\/20230719_204008-768x576.jpg 768w, https:\/\/baladoy.com\/wp-content\/uploads\/2024\/07\/20230719_204008-1536x1152.jpg 1536w, https:\/\/baladoy.com\/wp-content\/uploads\/2024\/07\/20230719_204008-2048x1536.jpg 2048w, https:\/\/baladoy.com\/wp-content\/uploads\/2024\/07\/20230719_204008-24x18.jpg 24w, https:\/\/baladoy.com\/wp-content\/uploads\/2024\/07\/20230719_204008-36x27.jpg 36w, https:\/\/baladoy.com\/wp-content\/uploads\/2024\/07\/20230719_204008-48x36.jpg 48w, https:\/\/baladoy.com\/wp-content\/uploads\/2024\/07\/20230719_204008-600x450.jpg 600w\" sizes=\"(max-width: 1024px) 100vw, 1024px\" \/>\t\t\t\t\t\t\t\t\t\t\t\t\t\t\t<\/div>\n\t\t\t\t<\/div>\n\t\t\t\t<div class=\"elementor-element elementor-element-144d46e elementor-widget elementor-widget-heading\" data-id=\"144d46e\" data-element_type=\"widget\" data-e-type=\"widget\" data-widget_type=\"heading.default\">\n\t\t\t\t<div class=\"elementor-widget-container\">\n\t\t\t\t\t<h2 class=\"elementor-heading-title elementor-size-default\">Yerimiz \u0130stanbul Sefak\u00f6y \u0130n\u00f6n\u00fc Mahallesi Habil Sokak Numara 33<\/h2>\t\t\t\t<\/div>\n\t\t\t\t<\/div>\n\t\t\t\t<\/div>\n\t\t<div class=\"elementor-element elementor-element-822901f e-con-full e-flex e-con e-child\" data-id=\"822901f\" data-element_type=\"container\" data-e-type=\"container\">\n\t\t\t\t<div class=\"elementor-element elementor-element-6fb0fc1 elementor-widget elementor-widget-image\" data-id=\"6fb0fc1\" data-element_type=\"widget\" data-e-type=\"widget\" data-widget_type=\"image.default\">\n\t\t\t\t<div class=\"elementor-widget-container\">\n\t\t\t\t\t\t\t\t\t\t\t\t\t\t\t<img loading=\"lazy\" decoding=\"async\" width=\"300\" height=\"194\" src=\"https:\/\/baladoy.com\/wp-content\/uploads\/2024\/07\/20211109_184936-300x194.jpg\" class=\"attachment-woocommerce_thumbnail size-woocommerce_thumbnail wp-image-1193\" alt=\"\" srcset=\"https:\/\/baladoy.com\/wp-content\/uploads\/2024\/07\/20211109_184936-300x194.jpg 300w, https:\/\/baladoy.com\/wp-content\/uploads\/2024\/07\/20211109_184936-1024x663.jpg 1024w, https:\/\/baladoy.com\/wp-content\/uploads\/2024\/07\/20211109_184936-768x498.jpg 768w, https:\/\/baladoy.com\/wp-content\/uploads\/2024\/07\/20211109_184936-24x16.jpg 24w, https:\/\/baladoy.com\/wp-content\/uploads\/2024\/07\/20211109_184936-36x23.jpg 36w, https:\/\/baladoy.com\/wp-content\/uploads\/2024\/07\/20211109_184936-48x31.jpg 48w, https:\/\/baladoy.com\/wp-content\/uploads\/2024\/07\/20211109_184936-600x389.jpg 600w, https:\/\/baladoy.com\/wp-content\/uploads\/2024\/07\/20211109_184936.jpg 1454w\" sizes=\"(max-width: 300px) 100vw, 300px\" \/>\t\t\t\t\t\t\t\t\t\t\t\t\t\t\t<\/div>\n\t\t\t\t<\/div>\n\t\t\t\t<div class=\"elementor-element elementor-element-c4d57ad elementor-widget elementor-widget-heading\" data-id=\"c4d57ad\" data-element_type=\"widget\" data-e-type=\"widget\" data-widget_type=\"heading.default\">\n\t\t\t\t<div class=\"elementor-widget-container\">\n\t\t\t\t\t<h2 class=\"elementor-heading-title elementor-size-default\">Adrese kadar kendi Ara\u00e7lar\u0131m\u0131zla teslim ediyoruz. Kargo \u00fccreti bize aittir.<\/h2>\t\t\t\t<\/div>\n\t\t\t\t<\/div>\n\t\t\t\t<\/div>\n\t\t\t\t\t<\/div>\n\t\t\t\t<\/div>\n\t\t\t\t<\/div>\n\t\t","protected":false},"excerpt":{"rendered":"<p>Orjinal Karakovan \u00c7i\u00e7ek Bal sat\u0131yoruz.. \u0130\u00e7inde Ar\u0131n\u0131n kendi yapt\u0131\u011f\u0131 mum vard\u0131r. Fabrikasyon mum yoktur. Yerimiz \u0130stanbul Sefak\u00f6y \u0130n\u00f6n\u00fc Mahallesi Habil Sokak Numara 33 Adrese kadar kendi Ara\u00e7lar\u0131m\u0131zla teslim ediyoruz. Kargo \u00fccreti bize aittir.<\/p>\n","protected":false},"author":1,"featured_media":0,"parent":0,"menu_order":0,"comment_status":"closed","ping_status":"closed","template":"","meta":{"_kad_post_transparent":"","_kad_post_title":"hide","_kad_post_layout":"fullwidth","_kad_post_sidebar_id":"","_kad_post_content_style":"unboxed","_kad_post_vertical_padding":"hide","_kad_post_feature":"hide","_kad_post_feature_position":"","_kad_post_header":false,"_kad_post_footer":false,"_kad_post_classname":"","footnotes":""},"class_list":["post-897","page","type-page","status-publish","hentry"],"_links":{"self":[{"href":"https:\/\/baladoy.com\/index.php?rest_route=\/wp\/v2\/pages\/897","targetHints":{"allow":["GET"]}}],"collection":[{"href":"https:\/\/baladoy.com\/index.php?rest_route=\/wp\/v2\/pages"}],"about":[{"href":"https:\/\/baladoy.com\/index.php?rest_route=\/wp\/v2\/types\/page"}],"author":[{"embeddable":true,"href":"https:\/\/baladoy.com\/index.php?rest_route=\/wp\/v2\/users\/1"}],"replies":[{"embeddable":true,"href":"https:\/\/baladoy.com\/index.php?rest_route=%2Fwp%2Fv2%2Fcomments&post=897"}],"version-history":[{"count":172,"href":"https:\/\/baladoy.com\/index.php?rest_route=\/wp\/v2\/pages\/897\/revisions"}],"predecessor-version":[{"id":1532,"href":"https:\/\/baladoy.com\/index.php?rest_route=\/wp\/v2\/pages\/897\/revisions\/1532"}],"wp:attachment":[{"href":"https:\/\/baladoy.com\/index.php?rest_route=%2Fwp%2Fv2%2Fmedia&parent=897"}],"curies":[{"name":"wp","href":"https:\/\/api.w.org\/{rel}","templated":true}]}}